{"id":15,"date":"2014-09-08T21:59:05","date_gmt":"2014-09-08T19:59:05","guid":{"rendered":"https:\/\/www.tigermoonrecords.de\/de\/?page_id=15"},"modified":"2024-09-21T07:05:26","modified_gmt":"2024-09-21T05:05:26","slug":"about","status":"publish","type":"page","link":"https:\/\/www.tigermoonrecords.de\/de\/about\/","title":{"rendered":"About"},"content":{"rendered":"<p>Almut Schlichting und Alexander Beierbach leben und arbeiten seit \u00fcber 20 Jahren in Berlin. Beide sind Saxophonist:innen und Komponist:innen und spielen in mehreren Bands, sei es als Leader:in oder kollaborativ.<br \/>\n2014 haben sie gemeinsam das Label Tiger Moon Records als unabh\u00e4ngige Plattform f\u00fcr die Ver\u00f6ffentlichung ihrer Musik gegr\u00fcndet.<\/p>\n<p>Mehr \u00fcber Almut Schlichting:<br \/>\n<a href=\"https:\/\/almutschlichting.de\" target=\"_blank\" rel=\"noopener\">https:\/\/almutschlichting.de<\/a><\/p>\n<p>Mehr \u00fcber Alexander Beierbach:<br \/>\n<a href=\"https:\/\/alexanderbeierbach.de\" target=\"_blank\" rel=\"noopener\">https:\/\/alexanderbeierbach.de<\/a><\/p>\n","protected":false},"excerpt":{"rendered":"<p>Almut Schlichting und Alexander Beierbach leben und arbeiten seit \u00fcber 20 Jahren in Berlin. Beide sind Saxophonist:innen und Komponist:innen und spielen in mehreren Bands, sei es als Leader:in oder kollaborativ. 2014 haben sie gemeinsam das Label Tiger Moon Records als unabh\u00e4ngige Plattform f\u00fcr die Ver\u00f6ffentlichung ihrer Musik gegr\u00fcndet. Mehr \u00fcber Almut Schlichting: https:\/\/almutschlichting.de Mehr \u00fcber&#8230;<\/p>\n","protected":false},"author":1,"featured_media":0,"parent":0,"menu_order":0,"comment_status":"closed","ping_status":"closed","template":"","meta":{"footnotes":""},"class_list":["post-15","page","type-page","status-publish","hentry"],"_links":{"self":[{"href":"https:\/\/www.tigermoonrecords.de\/de\/wp-json\/wp\/v2\/pages\/15","targetHints":{"allow":["GET"]}}],"collection":[{"href":"https:\/\/www.tigermoonrecords.de\/de\/wp-json\/wp\/v2\/pages"}],"about":[{"href":"https:\/\/www.tigermoonrecords.de\/de\/wp-json\/wp\/v2\/types\/page"}],"author":[{"embeddable":true,"href":"https:\/\/www.tigermoonrecords.de\/de\/wp-json\/wp\/v2\/users\/1"}],"replies":[{"embeddable":true,"href":"https:\/\/www.tigermoonrecords.de\/de\/wp-json\/wp\/v2\/comments?post=15"}],"version-history":[{"count":22,"href":"https:\/\/www.tigermoonrecords.de\/de\/wp-json\/wp\/v2\/pages\/15\/revisions"}],"predecessor-version":[{"id":1753,"href":"https:\/\/www.tigermoonrecords.de\/de\/wp-json\/wp\/v2\/pages\/15\/revisions\/1753"}],"wp:attachment":[{"href":"https:\/\/www.tigermoonrecords.de\/de\/wp-json\/wp\/v2\/media?parent=15"}],"curies":[{"name":"wp","href":"https:\/\/api.w.org\/{rel}","templated":true}]}}