{"id":807,"date":"2016-07-21T10:39:18","date_gmt":"2016-07-21T08:39:18","guid":{"rendered":"https:\/\/www.tigermoonrecords.de\/de\/?page_id=807"},"modified":"2016-07-21T17:11:00","modified_gmt":"2016-07-21T15:11:00","slug":"tmr-003-presse","status":"publish","type":"page","link":"https:\/\/www.tigermoonrecords.de\/de\/tmr-003-presse\/","title":{"rendered":"TMR 003 &#8211; Presse"},"content":{"rendered":"<div id=\"tab-press_tab\" class=\"panel entry-content wc-tab\">\n<h4>Jazzthetik \u2013 Juli\/August 2016 \u2013 Angela Ballhorn \u00fcber TMR 003<\/h4>\n<p>\u201c\u2026 Die Bearbeitungen klingen gro\u00dfartig\u2026 gelungene Arrangements, Spielfreude und die n\u00f6tige Prise Respektlosigkeit\u2026 irrwitzig gute und witzige Grooves.\u201d<\/p>\n<p>&nbsp;<\/p>\n<h4>Jazzthetik \u2013 Juli\/August 2016 \u2013 Achim Ost \u00fcber Sweet Marie beim Festival JAZZ IN E.<\/h4>\n<p>\u201d \u2026 eine raffinierte und durchdachte zeitgen\u00f6ssisch-jazzig konzipierte Kammermusik \u2026\u201d<\/p>\n<p>&nbsp;<\/p>\n<h4>Jazzpodium \u2013 Juli 2016 \u2013 von Rainer Bratfisch (Interview mit Alexander Beierbach)<\/h4>\n<p>Im zweiseitigen Interview spricht Rainer Bratfisch mit Alexander Beierbach unter anderem \u00fcber die neue CD des Quartetts \u201cAbsolutely Sweet Marie\u201d, seine Motivation diese Band zu starten, sowie \u00fcber andere Bandprojekte, seinen k\u00fcnstlerischen Werdegang und seine Arbeit mit \u201cTiger Moon Records\u201d.<\/p>\n<p>&nbsp;<\/p>\n<h4>Jazzthing \u2013 Juni 2016 \u2013 Martin Laurentius \u00fcber TMR 003<\/h4>\n<p>\u201cWie fruchtbar Dylans Werk f\u00fcr die vier jungen Jazzmusiker sein kann, zeigten sie schon auf der ersten CD \u201cRoads, Doves And Other Stuff\u201d. Dass man noch tiefer in den kreativen Kosmos des Amerikaners eintauchen, dass man stets neue Facetten entdecken kann, die es wert sind, bearbeitet, transformiert und in neuer Gestalt wiedergeboren zu werden, das zeigt nun \u201cAnother Side Of Blonde On Blonde\u201d.<\/p>\n<p>&nbsp;<\/p>\n<h4>Jazzpodium \u2013 Juni 2016 \u2013 Rainer Bratfisch \u00fcber TMR 003<\/h4>\n<p>\u201c\u2026 [Bob Dylans Songs] entfalten ein musikalisches Eigenleben\u2026 verfremdet und neu zusammengesetzt\u2026 in einem v\u00f6llig anderen musikalischen Kosmos\u2026 \u201d<\/p>\n<p>&nbsp;<\/p>\n<h4>LongPlay \u2013 Mai 2016 \u2013 Robert Ratajczak \u00fcber TMR 003<\/h4>\n<p>Das zweite Album von Absolutely Sweet Marie ist nicht nur ein interessantes und originelles Experiment, es ist auch ausgezeichnete Musik, nach der sowohl Jazzliebhaber als auch Bob-Dylan-Fans greifen sollten.<\/p>\n<p>&nbsp;<\/p>\n<h4>Silberhorn \u2013 Mai 2016 \u2013 Andreas Kolb \u00fcber TMR 003<\/h4>\n<p>\u201c\u2026 Im Jahr des 75. Geburstages von Bob Dylan am 24. Mai 2016 gibt es zahlreiche Hommagen, Buch- und CD-Ver\u00f6ffentlichungen \u2013 die vorliegende ist eine sehr pers\u00f6nliche und inspirierte. Achtung! Gesungen wird hier nicht, aber daf\u00fcr recht frei und virtuos gejazzt.\u201d<\/p>\n<p>&nbsp;<\/p>\n<h4>Jazzthing \u2013 Februar 2016 \u2013 Wolf Kampmann \u00fcber TMR 003<\/h4>\n<p>\u201cNun ist es ja immer so eine Sache, Dylan in Jazz zu \u00fcbersetzen, \u2026 . Doch mit mehr Spa\u00df, S\u00fcffisanz und Hingabe als die vier Musiker das getan haben, ist die Umsetzung dieser ehrgeizigen Aufgabe kaum m\u00f6glich. \u2026 Das ist mitrei\u00dfend, lustig und niemals flach. Ein Tribut, der diesen Namen verdient.\u201d<\/p>\n<\/div>\n","protected":false},"excerpt":{"rendered":"<p>Jazzthetik \u2013 Juli\/August 2016 \u2013 Angela Ballhorn \u00fcber TMR 003 \u201c\u2026 Die Bearbeitungen klingen gro\u00dfartig\u2026 gelungene Arrangements, Spielfreude und die n\u00f6tige Prise Respektlosigkeit\u2026 irrwitzig gute und witzige Grooves.\u201d &nbsp; Jazzthetik \u2013 Juli\/August 2016 \u2013 Achim Ost \u00fcber Sweet Marie beim Festival JAZZ IN E. \u201d \u2026 eine raffinierte und durchdachte zeitgen\u00f6ssisch-jazzig konzipierte Kammermusik \u2026\u201d &nbsp;&#8230;<\/p>\n","protected":false},"author":2,"featured_media":0,"parent":0,"menu_order":0,"comment_status":"closed","ping_status":"closed","template":"","meta":{"footnotes":""},"class_list":["post-807","page","type-page","status-publish","hentry"],"_links":{"self":[{"href":"https:\/\/www.tigermoonrecords.de\/de\/wp-json\/wp\/v2\/pages\/807","targetHints":{"allow":["GET"]}}],"collection":[{"href":"https:\/\/www.tigermoonrecords.de\/de\/wp-json\/wp\/v2\/pages"}],"about":[{"href":"https:\/\/www.tigermoonrecords.de\/de\/wp-json\/wp\/v2\/types\/page"}],"author":[{"embeddable":true,"href":"https:\/\/www.tigermoonrecords.de\/de\/wp-json\/wp\/v2\/users\/2"}],"replies":[{"embeddable":true,"href":"https:\/\/www.tigermoonrecords.de\/de\/wp-json\/wp\/v2\/comments?post=807"}],"version-history":[{"count":2,"href":"https:\/\/www.tigermoonrecords.de\/de\/wp-json\/wp\/v2\/pages\/807\/revisions"}],"predecessor-version":[{"id":809,"href":"https:\/\/www.tigermoonrecords.de\/de\/wp-json\/wp\/v2\/pages\/807\/revisions\/809"}],"wp:attachment":[{"href":"https:\/\/www.tigermoonrecords.de\/de\/wp-json\/wp\/v2\/media?parent=807"}],"curies":[{"name":"wp","href":"https:\/\/api.w.org\/{rel}","templated":true}]}}