{"id":1030,"date":"2019-02-26T00:07:50","date_gmt":"2019-02-25T22:07:50","guid":{"rendered":"https:\/\/www.tigermoonrecords.de\/de\/?post_type=product&#038;p=1030"},"modified":"2022-10-04T12:43:55","modified_gmt":"2022-10-04T10:43:55","slug":"schneekoenig","status":"publish","type":"product","link":"https:\/\/www.tigermoonrecords.de\/de\/shop\/schneekoenig\/","title":{"rendered":"Schneek\u00f6nig"},"content":{"rendered":"<p><strong>SUBSYSTEM<br \/>\nSchneek\u00f6nig<\/strong><\/p>\n<p>Almut Schlichting &#8211; Baritonsaxophon<br \/>\nSven Hinse &#8211; Kontrabass<\/p>\n<p>Das Duo Subsystem feiert die Ver\u00f6ffentlichung seiner zweiten CD \u201eSchneek\u00f6nig\u201c!<br \/>\nNach ihrem erfolgreichen Deb\u00fctalbum \u201e<a href=\"https:\/\/www.tigermoonrecords.de\/de\/shop\/subsystem-unterholz-cd\/\">Unterholz<\/a>\u201c von 2016 erhielten die Baritonsaxophonistin Almut Schlichting und der Kontrabassist Sven Hinse f\u00fcr die Produktion ihrer zweiten Aufnahme ein Stipendium der Berliner Senatsverwaltung f\u00fcr Wissenschaft und Kultur. So konnten sie die M\u00f6glichkeiten der beiden tiefen Instrumente weiter ausloten, und es ist ein spannendes Album entstanden, bei dem im Studio Konzertatmosph\u00e4re durchklingt.<\/p>\n<p>01 Schneek\u00f6nig 6:28<br \/>\n02 Zirkuswalzer 4:35<br \/>\n03 Aniseed Bop 3:12<br \/>\n04 Nutmeg Tango 3:25<br \/>\n05 Rote Linsen 4:12<br \/>\n06 Cinnamon Blues 3:25<br \/>\n07 Tom &amp; Jerry 2:26<br \/>\n08 Vanilla Waltz 4:18<br \/>\n09 The Flea 5:04<br \/>\n10 Ginger Calypso 2:49<br \/>\n11 Chanson Triste 2:45<br \/>\nTotal time: 42:46<\/p>\n<p>01, 03, 04, 06, 08, 10 composed by Almut Schlichting<br \/>\n02, 05, 07, 09 composed by Sven Hinse<br \/>\n11 composed by Sergej Koussevtzky<\/p>\n<p>recorded and mixed by Christian Betz at Berlinaudio (<a href=\"http:\/\/www.berlinaudio.de\">www.berlinaudio.de<\/a>)<br \/>\ndesign by www.kurzgestaltung.com<br \/>\nproduced by Subsystem<br \/>\nGef\u00f6rdert durch die Berliner Senatsverwaltung f\u00fcr Wissenschaft und Kultur.<\/p>\n<p>\u00a9 and \u2117 2019 Tiger Moon Records, TMR 006<br \/>\nLC &#8211; 37384<\/p>\n<p>CD \/ Digipack<\/p>\n<p>Ver\u00f6ffentlichung: 5.4.2019<\/p>\n","protected":false},"excerpt":{"rendered":"<div id=\"gallery-1\" class=\"gallery galleryid-849 gallery-columns-3 gallery-size-thumbnail\">\n<dl class=\"gallery-item\">\n<dt class=\"gallery-icon\"><a href=\"https:\/\/www.tigermoonrecords.de\/de\/wp-content\/uploads\/sites\/7\/2016\/11\/subsystem1klein.jpg\" rel=\"lightbox[gallery-0]\" data-lightbox-gallery=\"lightbox[gallery-0]\"><img loading=\"lazy\" decoding=\"async\" class=\"attachment-thumbnail size-thumbnail\" src=\"https:\/\/www.tigermoonrecords.de\/de\/wp-content\/uploads\/sites\/7\/2016\/11\/subsystem1klein-200x200.jpg\" alt=\"Subsystem\" width=\"200\" height=\"200\" \/><\/a><\/dt>\n<\/dl>\n<dl class=\"gallery-item\">\n<dt class=\"gallery-icon\"><a href=\"https:\/\/www.tigermoonrecords.de\/de\/wp-content\/uploads\/sites\/7\/2016\/11\/subsystem2klein.jpg\" rel=\"lightbox[gallery-0]\" data-lightbox-gallery=\"lightbox[gallery-0]\"><img loading=\"lazy\" decoding=\"async\" class=\"attachment-thumbnail size-thumbnail\" src=\"https:\/\/www.tigermoonrecords.de\/de\/wp-content\/uploads\/sites\/7\/2016\/11\/subsystem2klein-200x200.jpg\" alt=\"Subsystem\" width=\"200\" height=\"200\" \/><\/a><\/dt>\n<\/dl>\n<div class=\"clear-2\"><\/div>\n<dl class=\"gallery-item\">\n<dt class=\"gallery-icon\"><a href=\"https:\/\/www.tigermoonrecords.de\/de\/wp-content\/uploads\/sites\/7\/2016\/11\/subsystem3klein.jpg\" rel=\"lightbox[gallery-0]\" data-lightbox-gallery=\"lightbox[gallery-0]\"><img loading=\"lazy\" decoding=\"async\" class=\"attachment-thumbnail size-thumbnail\" src=\"https:\/\/www.tigermoonrecords.de\/de\/wp-content\/uploads\/sites\/7\/2016\/11\/subsystem3klein-200x200.jpg\" alt=\"Subsystem\" width=\"200\" height=\"200\" \/><\/a><\/dt>\n<\/dl>\n<div class=\"clear-3\"><\/div>\n<\/div>\n<p>alle Fotos copyright by <a href=\"http:\/\/www.sandraschuck.de\/\" target=\"_blank\" rel=\"noopener\">Sandra Schuck<\/a><\/p>\n","protected":false},"featured_media":1046,"template":"","meta":[],"product_cat":[63,58],"product_tag":[],"class_list":["post-1030","product","type-product","status-publish","has-post-thumbnail","hentry","product_cat-subsystem","product_cat-tiger-moon-records","has-featured-image"],"_links":{"self":[{"href":"https:\/\/www.tigermoonrecords.de\/de\/wp-json\/wp\/v2\/product\/1030","targetHints":{"allow":["GET"]}}],"collection":[{"href":"https:\/\/www.tigermoonrecords.de\/de\/wp-json\/wp\/v2\/product"}],"about":[{"href":"https:\/\/www.tigermoonrecords.de\/de\/wp-json\/wp\/v2\/types\/product"}],"wp:featuredmedia":[{"embeddable":true,"href":"https:\/\/www.tigermoonrecords.de\/de\/wp-json\/wp\/v2\/media\/1046"}],"wp:attachment":[{"href":"https:\/\/www.tigermoonrecords.de\/de\/wp-json\/wp\/v2\/media?parent=1030"}],"wp:term":[{"taxonomy":"product_cat","embeddable":true,"href":"https:\/\/www.tigermoonrecords.de\/de\/wp-json\/wp\/v2\/product_cat?post=1030"},{"taxonomy":"product_tag","embeddable":true,"href":"https:\/\/www.tigermoonrecords.de\/de\/wp-json\/wp\/v2\/product_tag?post=1030"}],"curies":[{"name":"wp","href":"https:\/\/api.w.org\/{rel}","templated":true}]}}